{"id":25372,"date":"2017-03-20T16:48:42","date_gmt":"2017-03-20T15:48:42","guid":{"rendered":"http:\/\/afi-ipl.org\/it\/?page_id=25372"},"modified":"2018-06-12T12:39:35","modified_gmt":"2018-06-12T10:39:35","slug":"i-seminari","status":"publish","type":"page","link":"https:\/\/old.afi-ipl.org\/it\/buon-lavoro-alto-adige\/i-seminari\/","title":{"rendered":"I seminari"},"content":{"rendered":"<hr \/>\n<p><span style=\"color: #ce1e00;\"><strong>Seminari di approfondimento<\/strong><\/span><\/p>\n<ul>\n<li><strong>28.05.2018 &#8220;L\u2019importanza del settore alberghiero e della ristorazione nell\u2019Euregio Tirolo &#8211; Alto Adige &#8211; Trentino&#8221; (Seminario Euregio, <\/strong><em>solo in lingua tedesca<\/em><strong>)\u00a0<\/strong><\/li>\n<\/ul>\n<p style=\"padding-left: 30px;\"><iframe loading=\"lazy\" src=\"https:\/\/www.youtube.com\/embed\/9ryp4fzQPDc\" width=\"560\" height=\"315\" frameborder=\"0\" allowfullscreen=\"allowfullscreen\"><\/iframe><\/p>\n<p style=\"padding-left: 30px;\"><iframe loading=\"lazy\" src=\"https:\/\/www.youtube.com\/embed\/pE6ZlPFTHwQ\" width=\"560\" height=\"315\" frameborder=\"0\" allowfullscreen=\"allowfullscreen\"><\/iframe><\/p>\n<p style=\"padding-left: 30px;\"><iframe loading=\"lazy\" src=\"https:\/\/www.youtube.com\/embed\/JlKaoiK7F2s\" width=\"560\" height=\"315\" frameborder=\"0\" allowfullscreen=\"allowfullscreen\"><\/iframe><\/p>\n<p style=\"padding-left: 30px;\"><iframe loading=\"lazy\" src=\"https:\/\/www.youtube.com\/embed\/ZVw0KgfVE3E\" width=\"560\" height=\"315\" frameborder=\"0\" allowfullscreen=\"allowfullscreen\"><\/iframe><\/p>\n<p style=\"padding-left: 60px;\"><a href=\"https:\/\/old.afi-ipl.org\/wp-content\/uploads\/Die-Arbeitsbedingungen-im-Hotel-und-Gastgewerbe-aus-Sicht-der-abh\u00e4ngig-Besch\u00e4ftigten.pdf\">Vai alla presentazione (PDF)<\/a><\/p>\n<p style=\"padding-left: 30px;\"><iframe loading=\"lazy\" src=\"https:\/\/www.youtube.com\/embed\/7CySYzkZZSE\" width=\"560\" height=\"315\" frameborder=\"0\" allowfullscreen=\"allowfullscreen\"><\/iframe><\/p>\n<p style=\"padding-left: 30px;\"><iframe loading=\"lazy\" src=\"https:\/\/www.youtube.com\/embed\/QmWE7pL578s\" width=\"560\" height=\"315\" frameborder=\"0\" allowfullscreen=\"allowfullscreen\"><\/iframe><\/p>\n<ul>\n<li><strong>28.-29.09.2017 \u201cQual \u00e8 lo stato delle condizioni di lavoro in Alto Adige? Fattori di carico e fattori di alleggerimento\u201d<\/strong>\n<ul>\n<li><a href=\"https:\/\/old.afi-ipl.org\/wp-content\/uploads\/REV-Prezi-Psychische-Belastungsfaktoren.pdf\">Carichi di lavoro psichici in Alto Adige<\/a><\/li>\n<li><a href=\"https:\/\/old.afi-ipl.org\/wp-content\/uploads\/REV-Prezi-K\u00f6rperliche-Belastungen.pdf\">Carichi di lavoro fisici in Alto Adige<\/a><\/li>\n<li><a href=\"https:\/\/old.afi-ipl.org\/wp-content\/uploads\/REV-Prezi-Entlastungs-und-Schutzfaktoren.pdf\">Fattori di alleggerimento\u00a0nel mondo del lavoro altoatesino<\/a><\/li>\n<\/ul>\n<\/li>\n<\/ul>\n<p><!--more--><\/p>\n<p><!--more--><\/p>\n<p><span style=\"color: #ce1e00;\"><strong>In cooperazione con l&#8217; INAIL<\/strong><\/span><\/p>\n<ul>\n<li><strong><a href=\"https:\/\/old.afi-ipl.org\/it\/veranstaltungen\/seminario-per-esperti-la-gestione-della-salute-azienda-nel-turismo-una-risorsa-per-le-imprese-e-collaboratori\/#.Wov-oajiZaQ\">23.02.2018 &#8220;La gestione della salute in azienda nel turismo: una risorsa per le imprese e i collaboratori?<\/a><\/strong>\n<ul>\n<li><a href=\"https:\/\/old.afi-ipl.org\/wp-content\/uploads\/2018-02-23-EWCS-Gastgewerbe-Turismo.pdf\">Le condizioni di lavoro nel settore del turismo altoatesino <\/a>(Tobias H\u00f6lbling, IPL)<\/li>\n<li><a href=\"https:\/\/old.afi-ipl.org\/wp-content\/uploads\/BGM-im-Tourismus_Hofer-DEF.pdf\">Gestire la salute in azienda per collaboratori e collaboratrici nel turismo: approcci teorici e risultati pratici <\/a>(Kathrin Hofer, FH Joanneum, Graz e Bad Gleichenberg, in lingua tedesca)<\/li>\n<li><a href=\"https:\/\/old.afi-ipl.org\/wp-content\/uploads\/20180223-Documentazione-seminario-La-gestione-della-salute-in-azienda-nel-turismo.pdf\">Documentazione del seminario<\/a><\/li>\n<\/ul>\n<\/li>\n<\/ul>\n<ul>\n<li><strong>14.12.2017 &#8220;Comportamento rispetto alla sicurezza e cultura della prevenzione in azienda&#8221;<\/strong>\n<ul>\n<li><a href=\"https:\/\/old.afi-ipl.org\/wp-content\/uploads\/2017-12-14-Infostand-S%C3%BCdtiroler-Arbeitskr%C3%A4fte-Pramstrahler-2.pdf\">Lo stato dell\u2018informazione degli occupati in Alto Adige in merito ai rischi della salute e della sicurezza<\/a>\u00a0(Werner Pramstrahler, IPL)<\/li>\n<li><a href=\"https:\/\/old.afi-ipl.org\/wp-content\/uploads\/2017-12-14-Gesundheitsgefuehl-S%C3%BCdtiroler-Arbeitskr%C3%A4fte-H%C3%B6lbling-1.pdf\">Lo stato di salute degli occupati in Alto Adige: una panoramica<\/a>\u00a0(Tobias H\u00f6lbling, IPL)<\/li>\n<li><a href=\"https:\/\/old.afi-ipl.org\/wp-content\/uploads\/2017-12-14-La-valutazione-del-rischio-stress-Corezzola.pdf\">La valutazione del rischio stress lavoro correlato: L\u2019esperienza INAIL dal punto di vista del Responsabile del Servizio di Prevenzione e Protezione<\/a>\u00a0(Claudio Correzzola, INAIL)<\/li>\n<li><a href=\"https:\/\/old.afi-ipl.org\/wp-content\/uploads\/2017-12-14-Motivation-zu-sicherem-Verhalten-Unterkircher.pdf\">Motivation zu sicherem Verhalten<\/a>\u00a0(Martin Unterkircher, AuVa Innsbruck, in lingua tedesca)<\/li>\n<li><a href=\"https:\/\/old.afi-ipl.org\/wp-content\/uploads\/2017-12-14-Documentazione-del-seminario-Sicurezza-e-prevenzione.pdf\">Documentazione del seminario<\/a><\/li>\n<\/ul>\n<\/li>\n<\/ul>\n<ul>\n<li><strong>22.11.2017 &#8220;Dirigere in modo salutare. Fattori di carico sul posto di lavoro e ruolo dei dirigenti&#8221;<\/strong>\n<ul>\n<li><a href=\"https:\/\/old.afi-ipl.org\/wp-content\/uploads\/22.11-Eckdaten-F\u00fchrungskr\u00e4fte.pdf\">I dirigenti in Alto Adige<\/a>\u00a0(Tobias H\u00f6lbling, IPL)<\/li>\n<li><a href=\"https:\/\/old.afi-ipl.org\/wp-content\/uploads\/20171122-Gesundes-F\u00fchren_Jimenez.pdf\">Gesundheitsf\u00f6rderliche F\u00fchrung: Schlagwort oder echte M\u00f6glichkeiten?<\/a>\u00a0(Paul Paul Jim\u00e9nez, in lingua tedesca)<\/li>\n<li><a href=\"https:\/\/old.afi-ipl.org\/wp-content\/uploads\/20171122-Sintesi-Seminario.pdf\">Sintesi del seminario<\/a><\/li>\n<li><a href=\"https:\/\/old.afi-ipl.org\/it\/veroeffentlichungen\/33570\/#.Wh0d_EriZaQ\">Comunicato stampa &#8220;Dirigere \u00e8 come ballare il tango&#8221;<\/a><\/li>\n<li><a href=\"https:\/\/old.afi-ipl.org\/wp-content\/uploads\/20171122-Documentazione-seminario-Dirigere-in-modo-salutare-IT.pdf\">Documentazione del seminario<\/a><\/li>\n<\/ul>\n<\/li>\n<\/ul>\n<p>&nbsp;<\/p>\n<hr \/>\n<p><a href=\"https:\/\/old.afi-ipl.org\/it\/buon-lavoro-alto-adige\/\"><em>\u2190 Torna alla pagina iniziale<\/em><\/a><\/p>\n<p>&nbsp;<\/p>\n<p>&nbsp;<\/p>\n<!-- AddThis Advanced Settings generic via filter on the_content --><!-- AddThis Share Buttons generic via filter on the_content -->","protected":false},"excerpt":{"rendered":"<p>Seminari di approfondimento 28.05.2018 &#8220;L\u2019importanza del settore alberghiero e della ristorazione nell\u2019Euregio Tirolo &#8211; Alto Adige &#8211; Trentino&#8221; (Seminario Euregio, solo in lingua tedesca)\u00a0 Vai alla presentazione (PDF) 28.-29.09.2017 \u201cQual \u00e8 lo stato delle condizioni di lavoro in Alto Adige? Fattori di carico e fattori di alleggerimento\u201d Carichi di lavoro psichici in Alto Adige Carichi [&hellip;]<!-- AddThis Advanced Settings generic via filter on get_the_excerpt --><!-- AddThis Share Buttons generic via filter on get_the_excerpt --><\/p>\n","protected":false},"author":20,"featured_media":0,"parent":25080,"menu_order":0,"comment_status":"closed","ping_status":"closed","template":"","meta":{"_monsterinsights_skip_tracking":false,"_monsterinsights_sitenote_active":false,"_monsterinsights_sitenote_note":"","_monsterinsights_sitenote_category":0},"acf":[],"_links":{"self":[{"href":"https:\/\/old.afi-ipl.org\/it\/wp-json\/wp\/v2\/pages\/25372"}],"collection":[{"href":"https:\/\/old.afi-ipl.org\/it\/wp-json\/wp\/v2\/pages"}],"about":[{"href":"https:\/\/old.afi-ipl.org\/it\/wp-json\/wp\/v2\/types\/page"}],"author":[{"embeddable":true,"href":"https:\/\/old.afi-ipl.org\/it\/wp-json\/wp\/v2\/users\/20"}],"replies":[{"embeddable":true,"href":"https:\/\/old.afi-ipl.org\/it\/wp-json\/wp\/v2\/comments?post=25372"}],"version-history":[{"count":32,"href":"https:\/\/old.afi-ipl.org\/it\/wp-json\/wp\/v2\/pages\/25372\/revisions"}],"predecessor-version":[{"id":39025,"href":"https:\/\/old.afi-ipl.org\/it\/wp-json\/wp\/v2\/pages\/25372\/revisions\/39025"}],"up":[{"embeddable":true,"href":"https:\/\/old.afi-ipl.org\/it\/wp-json\/wp\/v2\/pages\/25080"}],"wp:attachment":[{"href":"https:\/\/old.afi-ipl.org\/it\/wp-json\/wp\/v2\/media?parent=25372"}],"curies":[{"name":"wp","href":"https:\/\/api.w.org\/{rel}","templated":true}]}}